{"id":72,"date":"2025-09-11T14:56:47","date_gmt":"2025-09-11T14:56:47","guid":{"rendered":"https:\/\/arquexegiptologia.com\/cursos\/?post_type=product&#038;p=72"},"modified":"2025-09-17T16:08:02","modified_gmt":"2025-09-17T16:08:02","slug":"dioses-de-egipto","status":"publish","type":"product","link":"https:\/\/arquexegiptologia.com\/cursos\/product\/dioses-de-egipto\/","title":{"rendered":"Dioses de egipto"},"content":{"rendered":"<p>\u2728 El universo divino del Antiguo Egipto \u2728 Curso virtual por Arquex Egiptolog\u00eda<br \/>\n\u00bfSab\u00edas que los egipcios adoraban dioses con forma de halc\u00f3n, cocodrilo, pez o incluso objetos sagrados?<br \/>\n\ud83e\udde0 Aprende sobre:<br \/>\n\ud83d\udd39 Mitos de creaci\u00f3n<br \/>\n\ud83d\udd39 Dioses humanos y animales<br \/>\n\ud83d\udd39 Objetos divinizados<br \/>\n\ud83d\udd39 Grupos y jerarqu\u00edas divinas<\/p>\n<p>\ud83d\udcc5 Fechas: 24 de septiembre- 12 de Noviembre<br \/>\n\u23f3 Duraci\u00f3n: 8 sesiones de 1 hora y 30 minutos<br \/>\n\ud83d\udd56 Horario: 7\u20138:30 p.m. (hora Colombia) (Las clases seran grabadas y enviadas por correo)<br \/>\n\ud83d\udcdc Se dara certificado de participaci\u00f3n<\/p>\n","protected":false},"excerpt":{"rendered":"<p data-start=\"107\" data-end=\"197\"><strong data-start=\"109\" data-end=\"150\">El universo divino del Antiguo Egipto<\/strong>\u00a0<br data-start=\"152\" data-end=\"155\" \/><strong data-start=\"155\" data-end=\"195\">Curso virtual por Arquex Egiptolog\u00eda<\/strong><\/p>\n<p data-start=\"199\" data-end=\"522\">Ad\u00e9ntrate en el fascinante mundo de la religi\u00f3n egipcia y descubre c\u00f3mo los antiguos faraones y su pueblo entend\u00edan el universo a trav\u00e9s de sus dioses. Conocer\u00e1s las historias de divinidades en forma de halc\u00f3n, cocodrilo, pez e incluso de objetos sagrados, que representaban la fuerza de la naturaleza y el orden c\u00f3smico.<\/p>\n","protected":false},"featured_media":67,"comment_status":"open","ping_status":"closed","template":"","meta":[],"product_brand":[],"product_cat":[15],"product_tag":[33,25,34,30,35,26,22,19,29,31,27,28,24,32],"class_list":{"0":"post-72","1":"product","2":"type-product","3":"status-publish","4":"has-post-thumbnail","6":"product_cat-uncategorized","7":"product_tag-aprende-historia","8":"product_tag-arquex-egiptologia","9":"product_tag-civilizacion-egipcia","10":"product_tag-cultura-egipcia","11":"product_tag-curso-de-historia","12":"product_tag-curso-virtual","13":"product_tag-dioses-egipcios","14":"product_tag-egiptologia","15":"product_tag-egiptologia-para-todos","16":"product_tag-faraones","17":"product_tag-historia-del-antiguo-egipto","18":"product_tag-mitos-de-creacion","19":"product_tag-religion-egipcia","20":"product_tag-sabiduria-egipcia","22":"first","23":"instock","24":"downloadable","25":"virtual","26":"purchasable","27":"product-type-simple"},"_links":{"self":[{"href":"https:\/\/arquexegiptologia.com\/cursos\/wp-json\/wp\/v2\/product\/72","targetHints":{"allow":["GET"]}}],"collection":[{"href":"https:\/\/arquexegiptologia.com\/cursos\/wp-json\/wp\/v2\/product"}],"about":[{"href":"https:\/\/arquexegiptologia.com\/cursos\/wp-json\/wp\/v2\/types\/product"}],"replies":[{"embeddable":true,"href":"https:\/\/arquexegiptologia.com\/cursos\/wp-json\/wp\/v2\/comments?post=72"}],"wp:featuredmedia":[{"embeddable":true,"href":"https:\/\/arquexegiptologia.com\/cursos\/wp-json\/wp\/v2\/media\/67"}],"wp:attachment":[{"href":"https:\/\/arquexegiptologia.com\/cursos\/wp-json\/wp\/v2\/media?parent=72"}],"wp:term":[{"taxonomy":"product_brand","embeddable":true,"href":"https:\/\/arquexegiptologia.com\/cursos\/wp-json\/wp\/v2\/product_brand?post=72"},{"taxonomy":"product_cat","embeddable":true,"href":"https:\/\/arquexegiptologia.com\/cursos\/wp-json\/wp\/v2\/product_cat?post=72"},{"taxonomy":"product_tag","embeddable":true,"href":"https:\/\/arquexegiptologia.com\/cursos\/wp-json\/wp\/v2\/product_tag?post=72"}],"curies":[{"name":"wp","href":"https:\/\/api.w.org\/{rel}","templated":true}]}}